{"id":13671,"date":"2024-08-06T15:59:56","date_gmt":"2024-08-06T15:59:56","guid":{"rendered":"https:\/\/difraclab.com.mx\/?page_id=13671"},"modified":"2024-08-06T17:21:37","modified_gmt":"2024-08-06T17:21:37","slug":"analisis-por-fluorescencia-de-rayos-x","status":"publish","type":"page","link":"https:\/\/difraclab.com.mx\/en\/analisis-por-fluorescencia-de-rayos-x\/","title":{"rendered":"X-Ray Fluorescence"},"content":{"rendered":"<div data-elementor-type=\"wp-page\" data-elementor-id=\"13671\" class=\"elementor elementor-13671\" data-elementor-post-type=\"page\">\n\t\t\t\t<div class=\"elementor-element elementor-element-bded47b e-flex e-con-boxed e-con e-parent\" data-id=\"bded47b\" data-element_type=\"container\" data-settings=\"{&quot;background_background&quot;:&quot;classic&quot;}\">\n\t\t\t\t\t<div class=\"e-con-inner\">\n\t\t<div class=\"elementor-element elementor-element-00a114d e-con-full e-flex e-con e-child\" data-id=\"00a114d\" data-element_type=\"container\">\n\t\t\t\t<div class=\"elementor-element elementor-element-a47d743 elementor-widget elementor-widget-hub_fancy_heading\" data-id=\"a47d743\" data-element_type=\"widget\" data-widget_type=\"hub_fancy_heading.default\">\n\t\t\t\t<div class=\"elementor-widget-container\">\n\t\t\t\t\t\n\t\t<div id=\"ld-fancy-heading-69d0d50bc7bdd\" class=\"ld-fancy-heading pos-rel\">\n\t\t\t<h2 class=\"ld-fh-element d-inline-block pos-rel  elementor-heading-title lqd-highlight-classic lqd-highlight-grow-left h2\"  > X-Ray Fluorescence<\/h2>\t\t<\/div>\n\n\t\t\t\t\t\t<\/div>\n\t\t\t\t<\/div>\n\t\t\t\t<div class=\"elementor-element elementor-element-d1f05ae elementor-widget elementor-widget-ld_button\" data-id=\"d1f05ae\" data-element_type=\"widget\" data-widget_type=\"ld_button.default\">\n\t\t\t\t<div class=\"elementor-widget-container\">\n\t\t\t\t\t\n\t\t\t<a\n\t\t\t\tclass=\"elementor-button btn btn-solid btn-icon-shaped btn-has-label\" data-localscroll=\"1\" data-localscroll-options=\"{&quot;scrollBelowSection&quot;:true}\" href=\"#\"\t\t\t>\n\t\t\t\t\t\t\t\t\t<span data-text=\"Aprender M\u00e1s\" class=\"btn-txt\">\n\t\t\t\t\t\tLearn More\t\t\t\t\t<\/span>\n\t\t\t\t\t\t\t\t\t\t\t<\/a>\n\t\t\t\t\t\t\t<\/div>\n\t\t\t\t<\/div>\n\t\t\t\t<\/div>\n\t\t<div class=\"elementor-element elementor-element-4d70047 e-con-full e-flex e-con e-child\" data-id=\"4d70047\" data-element_type=\"container\">\n\t\t\t\t<div class=\"elementor-element elementor-element-af2e1a6 elementor-widget elementor-widget-image\" data-id=\"af2e1a6\" data-element_type=\"widget\" data-widget_type=\"image.default\">\n\t\t\t\t<div class=\"elementor-widget-container\">\n\t\t\t\t\t\t\t\t\t\t\t\t\t\t\t<img fetchpriority=\"high\" decoding=\"async\" width=\"683\" height=\"1024\" src=\"https:\/\/difraclab.com.mx\/wp-content\/uploads\/2024\/08\/Lab-1-683x1024.webp\" class=\"attachment-large size-large wp-image-13699\" alt=\"\" srcset=\"https:\/\/difraclab.com.mx\/wp-content\/uploads\/2024\/08\/Lab-1-683x1024.webp 683w, https:\/\/difraclab.com.mx\/wp-content\/uploads\/2024\/08\/Lab-1-200x300.webp 200w, https:\/\/difraclab.com.mx\/wp-content\/uploads\/2024\/08\/Lab-1-1024x1536.webp 1024w, https:\/\/difraclab.com.mx\/wp-content\/uploads\/2024\/08\/Lab-1-1365x2048.webp 1365w, https:\/\/difraclab.com.mx\/wp-content\/uploads\/2024\/08\/Lab-1-8x12.webp 8w, https:\/\/difraclab.com.mx\/wp-content\/uploads\/2024\/08\/Lab-1.webp 1448w\" sizes=\"(max-width: 683px) 100vw, 683px\" \/>\t\t\t\t\t\t\t\t\t\t\t\t\t\t\t<\/div>\n\t\t\t\t<\/div>\n\t\t\t\t<\/div>\n\t\t\t\t\t<\/div>\n\t\t\t\t<\/div>\n\t\t<div class=\"elementor-element elementor-element-cdcb5d3 e-flex e-con-boxed e-con e-parent\" data-id=\"cdcb5d3\" data-element_type=\"container\" data-settings=\"{&quot;background_background&quot;:&quot;classic&quot;}\">\n\t\t\t\t\t<div class=\"e-con-inner\">\n\t\t<div data-section-luminosity=\"dark\" class=\"elementor-element elementor-element-f649e98 e-con-full e-flex e-con e-child\" data-id=\"f649e98\" data-element_type=\"container\">\n\t\t\t\t<div class=\"elementor-element elementor-element-8e1a856 elementor-widget elementor-widget-ld_fancy_image\" data-id=\"8e1a856\" data-element_type=\"widget\" data-widget_type=\"ld_fancy_image.default\">\n\t\t\t\t<div class=\"elementor-widget-container\">\n\t\t\t\t\t\n\t\t<div class=\"lqd-imggrp-single d-block pos-rel\" data-shadow-style=\"2\">\n\t\t\t<div class=\"lqd-imggrp-img-container d-inline-flex pos-rel align-items-center justify-content-center\">\n\t\t\t\t\t\t\t\t<figure class=\"w-100 pos-rel\" data-reveal=\"true\" data-reveal-options=\"{&quot;direction&quot;:&quot;tb&quot;,&quot;delay&quot;:&quot;150&quot;}\">\n\t\t\t\t\t<img decoding=\"async\" width=\"1557\" height=\"2336\" src=\"https:\/\/difraclab.com.mx\/wp-content\/uploads\/2024\/08\/Lab-4.webp\" class=\"attachment-full size-full wp-image-13700\" alt=\"\" srcset=\"https:\/\/difraclab.com.mx\/wp-content\/uploads\/2024\/08\/Lab-4.webp 1557w, https:\/\/difraclab.com.mx\/wp-content\/uploads\/2024\/08\/Lab-4-200x300.webp 200w, https:\/\/difraclab.com.mx\/wp-content\/uploads\/2024\/08\/Lab-4-683x1024.webp 683w, https:\/\/difraclab.com.mx\/wp-content\/uploads\/2024\/08\/Lab-4-1024x1536.webp 1024w, https:\/\/difraclab.com.mx\/wp-content\/uploads\/2024\/08\/Lab-4-1365x2048.webp 1365w, https:\/\/difraclab.com.mx\/wp-content\/uploads\/2024\/08\/Lab-4-8x12.webp 8w\" sizes=\"(max-width: 1557px) 100vw, 1557px\" itemprop=\"image\" \/>\t\t\t\t\t<span class=\"lqd-overlay lqd-imggrp-overlay-bg\"><\/span>\t\t\t\t\t\t\t\t\t\t\t\t\t\t\t\t\t\t\t\t\t\t\t\t<\/figure>\n\t\t\t<\/div>\n\t\t<\/div>\n\n\t\t\t\t\t<\/div>\n\t\t\t\t<\/div>\n\t\t<div class=\"elementor-element elementor-element-a45a49b e-con-full e-flex e-con e-child\" data-id=\"a45a49b\" data-element_type=\"container\" data-settings=\"{&quot;position&quot;:&quot;absolute&quot;}\">\n\t\t\t\t<\/div>\n\t\t\t\t<\/div>\n\t\t<div data-custom-animations=\"true\" data-ca-options=\"{&quot;addChildTimelines&quot;:false,&quot;animationTarget&quot;:&quot;:scope  &gt; .elementor-element:not(.lqd-exclude-parent-ca) &gt; .elementor-widget-container, :scope  &gt; .elementor-widget-hub_fancy_heading .lqd-split-lines .lqd-lines .split-inner, :scope  &gt; .elementor-widget-hub_fancy_heading .lqd-split-words .lqd-words .split-inner, :scope  &gt; .elementor-widget-hub_fancy_heading .lqd-split-chars .lqd-chars .split-inner, :scope  &gt; .elementor-widget-hub_fancy_heading .lqd-adv-txt-fig, :scope  &gt; .elementor-widget-ld_custom_menu .lqd-fancy-menu &gt; ul &gt; li, :scope .e-con:not([data-parallax]) .elementor-element &gt; .elementor-widget-container, :scope .e-con:not([data-parallax]) .elementor-widget-hub_fancy_heading .lqd-split-lines .lqd-lines .split-inner, :scope .e-con:not([data-parallax]) .elementor-widget-hub_fancy_heading .lqd-split-words .lqd-words .split-inner, :scope .e-con:not([data-parallax]) .elementor-widget-hub_fancy_heading .lqd-split-chars .lqd-chars .split-inner, :scope .e-con:not([data-parallax]) .elementor-widget-ld_custom_menu .lqd-fancy-menu &gt; ul &gt; li&quot;,&quot;duration&quot;:1000,&quot;delay&quot;:80,&quot;ease&quot;:[&quot;power4.out&quot;],&quot;initValues&quot;:{&quot;y&quot;:&quot;140px&quot;,&quot;opacity&quot;:0},&quot;animations&quot;:{&quot;y&quot;:&quot;0px&quot;,&quot;opacity&quot;:1}}\" class=\"elementor-element elementor-element-ae78930 e-con-full e-flex e-con e-child\" data-id=\"ae78930\" data-element_type=\"container\">\n\t\t\t\t<div class=\"elementor-element elementor-element-6f9bbcc elementor-widget elementor-widget-hub_fancy_heading lqd-el-has-inner-anim\" data-id=\"6f9bbcc\" data-element_type=\"widget\" data-settings=\"{&quot;enable_split&quot;:&quot;true&quot;,&quot;split_type&quot;:&quot;words&quot;}\" data-widget_type=\"hub_fancy_heading.default\">\n\t\t\t\t<div class=\"elementor-widget-container\">\n\t\t\t\t\t\n\t\t<div id=\"ld-fancy-heading-69d0d50bcbaf4\" class=\"ld-fancy-heading pos-rel\">\n\t\t\t<h2 class=\"ld-fh-element d-inline-block pos-rel  elementor-heading-title lqd-highlight-classic lqd-highlight-grow-left lqd-split-words h2\"  data-split-text=\"true\" data-split-options='{\"type\":\"words\"}'> Why use X-Ray Fluorescence?<\/h2>\t\t<\/div>\n\n\t\t\t\t\t\t<\/div>\n\t\t\t\t<\/div>\n\t\t\t\t<div class=\"elementor-element elementor-element-78745b7 elementor-widget elementor-widget-text-editor\" data-id=\"78745b7\" data-element_type=\"widget\" data-widget_type=\"text-editor.default\">\n\t\t\t\t<div class=\"elementor-widget-container\">\n\t\t\t\t\t\t\t\t\t<p>The X-Ray Fluorescence (XRF) is a fast and reliable chemical analysis tool to identify and quantify elements in our materials. Analyzing from fluorine to uranium and in very low concentrations up to 100%, is possible to analyze a variety of solids and liquids, such as geological samples, dolomite, kaolinite, silica sands, soils, metals, polymers, oils with high precision.<\/p><p>Is a fast and non-destructive analysis, using standards or reference materials to quantify the materials, is a very reliable tool, also is possible to carry out a semi-quantitative analysis for unknown materials, and only a few grams or a small piece of the sample are required.\n<br><br>\n\nSome applications for the XRD:\n<br>\nQuantitate chemical analysis of Silica Sand, Dolomite, Iron ore, Kaolinite, Metals, etc.\n<br>\nImpurities or Non-desirable elements ( Pb, Cd, As, Co, etc.)\n<br>\nEnvironmental samples\n<br>\nCharacterization of Alloys, Ferroalloys, Fluxes\n<br>\nQuantification of elements in minerals of high economic interest \n<br>\nSemi-quantitative analysis for all type of unknown samples\u00a0<\/p>\t\t\t\t\t\t\t\t<\/div>\n\t\t\t\t<\/div>\n\t\t\t\t<\/div>\n\t\t\t\t\t<\/div>\n\t\t\t\t<\/div>\n\t\t<div class=\"elementor-element elementor-element-4095f21 e-flex e-con-boxed e-con e-parent\" data-id=\"4095f21\" data-element_type=\"container\" data-settings=\"{&quot;background_background&quot;:&quot;gradient&quot;}\">\n\t\t\t\t\t<div class=\"e-con-inner\">\n\t\t<div data-custom-animations=\"true\" data-ca-options=\"{&quot;addChildTimelines&quot;:false,&quot;animationTarget&quot;:&quot;:scope  &gt; .elementor-element:not(.lqd-exclude-parent-ca) &gt; .elementor-widget-container, :scope  &gt; .elementor-widget-hub_fancy_heading .lqd-split-lines .lqd-lines .split-inner, :scope  &gt; .elementor-widget-hub_fancy_heading .lqd-split-words .lqd-words .split-inner, :scope  &gt; .elementor-widget-hub_fancy_heading .lqd-split-chars .lqd-chars .split-inner, :scope  &gt; .elementor-widget-hub_fancy_heading .lqd-adv-txt-fig, :scope  &gt; .elementor-widget-ld_custom_menu .lqd-fancy-menu &gt; ul &gt; li, :scope .e-con:not([data-parallax]) .elementor-element &gt; .elementor-widget-container, :scope .e-con:not([data-parallax]) .elementor-widget-hub_fancy_heading .lqd-split-lines .lqd-lines .split-inner, :scope .e-con:not([data-parallax]) .elementor-widget-hub_fancy_heading .lqd-split-words .lqd-words .split-inner, :scope .e-con:not([data-parallax]) .elementor-widget-hub_fancy_heading .lqd-split-chars .lqd-chars .split-inner, :scope .e-con:not([data-parallax]) .elementor-widget-ld_custom_menu .lqd-fancy-menu &gt; ul &gt; li&quot;,&quot;duration&quot;:1000,&quot;delay&quot;:80,&quot;ease&quot;:[&quot;power4.out&quot;],&quot;initValues&quot;:{&quot;y&quot;:&quot;140px&quot;,&quot;opacity&quot;:0},&quot;animations&quot;:{&quot;y&quot;:&quot;0px&quot;,&quot;opacity&quot;:1}}\" class=\"elementor-element elementor-element-e29b372 e-con-full e-flex e-con e-child\" data-id=\"e29b372\" data-element_type=\"container\">\n\t\t\t\t<div class=\"elementor-element elementor-element-8dcfc05 elementor-widget elementor-widget-hub_fancy_heading lqd-el-has-inner-anim\" data-id=\"8dcfc05\" data-element_type=\"widget\" data-settings=\"{&quot;enable_split&quot;:&quot;true&quot;,&quot;split_type&quot;:&quot;words&quot;}\" data-widget_type=\"hub_fancy_heading.default\">\n\t\t\t\t<div class=\"elementor-widget-container\">\n\t\t\t\t\t\n\t\t<div id=\"ld-fancy-heading-69d0d50bcc715\" class=\"ld-fancy-heading pos-rel\">\n\t\t\t<h2 class=\"ld-fh-element d-inline-block pos-rel  elementor-heading-title lqd-highlight-classic lqd-highlight-grow-left lqd-split-words h2\"  data-split-text=\"true\" data-split-options='{\"type\":\"words\"}'> Algunas de las Aplicaciones son las Siguientes:<\/h2>\t\t<\/div>\n\n\t\t\t\t\t\t<\/div>\n\t\t\t\t<\/div>\n\t\t\t\t<div class=\"elementor-element elementor-element-f8c9692 elementor-widget elementor-widget-text-editor\" data-id=\"f8c9692\" data-element_type=\"widget\" data-widget_type=\"text-editor.default\">\n\t\t\t\t<div class=\"elementor-widget-container\">\n\t\t\t\t\t\t\t\t\t<ul><li>An\u00e1lisis Qu\u00edmico Cuantitativo en Dolomita, Mineral de Hierro, Aceros, Caolines, etc.<\/li><li>Identificaci\u00f3n de impurezas (metales pesados o t\u00f3xicos, Pb, Cd, As, Co, etc.)<\/li><li>An\u00e1lisis de muestras ambientales<\/li><li>Identificaci\u00f3n de aleaciones<\/li><li>Identificaci\u00f3n de elementos de inter\u00e9s econ\u00f3mico en muestras geol\u00f3gicas<\/li><li>An\u00e1lisis Semicuantitativo<\/li><li>An\u00e1lisis Cuantitativo (se requieren est\u00e1ndares)<\/li><\/ul>\t\t\t\t\t\t\t\t<\/div>\n\t\t\t\t<\/div>\n\t\t\t\t<\/div>\n\t\t<div data-section-luminosity=\"dark\" class=\"elementor-element elementor-element-7e65f01 e-con-full e-flex e-con e-child\" data-id=\"7e65f01\" data-element_type=\"container\">\n\t\t\t\t<div class=\"elementor-element elementor-element-be9d727 elementor-widget elementor-widget-ld_fancy_image\" data-id=\"be9d727\" data-element_type=\"widget\" data-widget_type=\"ld_fancy_image.default\">\n\t\t\t\t<div class=\"elementor-widget-container\">\n\t\t\t\t\t\n\t\t<div class=\"lqd-imggrp-single d-block pos-rel\" data-shadow-style=\"2\">\n\t\t\t<div class=\"lqd-imggrp-img-container d-inline-flex pos-rel align-items-center justify-content-center\">\n\t\t\t\t\t\t\t\t<figure class=\"w-100 pos-rel\" data-reveal=\"true\" data-reveal-options=\"{&quot;direction&quot;:&quot;tb&quot;,&quot;delay&quot;:&quot;150&quot;}\">\n\t\t\t\t\t<img decoding=\"async\" width=\"1557\" height=\"2336\" src=\"data:image\/svg+xml;charset=utf-8,%3Csvg xmlns%3D&#039;http%3A%2F%2Fwww.w3.org%2F2000%2Fsvg&#039; viewBox%3D&#039;0 0 1557 2336&#039;%2F%3E\" class=\"attachment-full size-full wp-image-13703 ld-lazyload\" alt=\"\" itemprop=\"image\" data-src=\"https:\/\/difraclab.com.mx\/wp-content\/uploads\/2024\/08\/Lab-184.webp\" data-srcset=\"https:\/\/difraclab.com.mx\/wp-content\/uploads\/2024\/08\/Lab-184.webp 1557w, https:\/\/difraclab.com.mx\/wp-content\/uploads\/2024\/08\/Lab-184-200x300.webp 200w, https:\/\/difraclab.com.mx\/wp-content\/uploads\/2024\/08\/Lab-184-683x1024.webp 683w, https:\/\/difraclab.com.mx\/wp-content\/uploads\/2024\/08\/Lab-184-1024x1536.webp 1024w, https:\/\/difraclab.com.mx\/wp-content\/uploads\/2024\/08\/Lab-184-1365x2048.webp 1365w, https:\/\/difraclab.com.mx\/wp-content\/uploads\/2024\/08\/Lab-184-8x12.webp 8w\" data-sizes=\"(max-width: 1557px) 100vw, 1557px\" data-aspect=\"0.66652397260274\" \/>\t\t\t\t\t<span class=\"lqd-overlay lqd-imggrp-overlay-bg\"><\/span>\t\t\t\t\t\t\t\t\t\t\t\t\t\t\t\t\t\t\t\t\t\t\t\t<\/figure>\n\t\t\t<\/div>\n\t\t<\/div>\n\n\t\t\t\t\t<\/div>\n\t\t\t\t<\/div>\n\t\t<div class=\"elementor-element elementor-element-be8a0af e-con-full e-flex e-con e-child\" data-id=\"be8a0af\" data-element_type=\"container\" data-settings=\"{&quot;position&quot;:&quot;absolute&quot;}\">\n\t\t\t\t<\/div>\n\t\t\t\t<\/div>\n\t\t\t\t\t<\/div>\n\t\t\t\t<\/div>\n\t\t<div class=\"elementor-element elementor-element-bcfbdd1 e-flex e-con-boxed e-con e-parent\" data-id=\"bcfbdd1\" data-element_type=\"container\" data-settings=\"{&quot;background_background&quot;:&quot;classic&quot;}\">\n\t\t\t\t\t<div class=\"e-con-inner\">\n\t\t<div class=\"elementor-element elementor-element-0663826 e-con-full e-flex e-con e-child\" data-id=\"0663826\" data-element_type=\"container\" data-settings=\"{&quot;background_background&quot;:&quot;classic&quot;}\">\n\t\t\t\t<div class=\"elementor-element elementor-element-d9d234c elementor-widget elementor-widget-hub_fancy_heading\" data-id=\"d9d234c\" data-element_type=\"widget\" data-widget_type=\"hub_fancy_heading.default\">\n\t\t\t\t<div class=\"elementor-widget-container\">\n\t\t\t\t\t\n\t\t<div id=\"ld-fancy-heading-69d0d50bd8509\" class=\"ld-fancy-heading pos-rel\">\n\t\t\t<h2 class=\"ld-fh-element d-inline-block pos-rel  elementor-heading-title lqd-highlight-classic lqd-highlight-grow-left h2\"  > Materials Analysis Experts<\/h2>\t\t<\/div>\n\n\t\t\t\t\t\t<\/div>\n\t\t\t\t<\/div>\n\t\t\t\t<div class=\"elementor-element elementor-element-f620ec5 elementor-widget elementor-widget-hub_fancy_heading\" data-id=\"f620ec5\" data-element_type=\"widget\" data-widget_type=\"hub_fancy_heading.default\">\n\t\t\t\t<div class=\"elementor-widget-container\">\n\t\t\t\t\t\n\t\t<div id=\"ld-fancy-heading-69d0d50bd8943\" class=\"ld-fancy-heading pos-rel\">\n\t\t\t<p class=\"ld-fh-element d-inline-block pos-rel  lqd-highlight-classic lqd-highlight-grow-left p\"  > We have the experience and equipment necessary to solve the most common needs in materials characterization.<\/p>\t\t<\/div>\n\n\t\t\t\t\t\t<\/div>\n\t\t\t\t<\/div>\n\t\t\t\t<div class=\"elementor-element elementor-element-9f5f056 elementor-widget elementor-widget-ld_button\" data-id=\"9f5f056\" data-element_type=\"widget\" data-widget_type=\"ld_button.default\">\n\t\t\t\t<div class=\"elementor-widget-container\">\n\t\t\t\t\t\n\t\t\t<a\n\t\t\t\thref=\"https:\/\/difraclab.com.mx\/en\/nosotros\/\" target=\"_blank\" rel=\"nofollow\"class=\"elementor-button btn btn-solid btn-md btn-block btn-icon-right btn-hover-swp btn-has-label\"\t\t\t>\n\t\t\t\t\t\t\t\t\t<span data-text=\"Acerca De Nosotros\" class=\"btn-txt\">\n\t\t\t\t\t\tAbout Us\t\t\t\t\t<\/span>\n\t\t\t\t\t\t\t\t\t\t\t\t\t\t<span class=\"btn-icon\">\n\t\t\t\t\t\t\t<i aria-hidden=\"true\" class=\"arrow_right-up_alt\"><\/i>\t\t\t\t\t\t<\/span>\n\t\t\t\t\t\t\t\t\t\t\t\t<span class=\"btn-icon\">\n\t\t\t\t\t\t\t<i aria-hidden=\"true\" class=\"arrow_right-up_alt\"><\/i>\t\t\t\t\t\t<\/span>\n\t\t\t\t\t\t\t\t\t<\/a>\n\t\t\t\t\t\t\t<\/div>\n\t\t\t\t<\/div>\n\t\t\t\t<\/div>\n\t\t<div class=\"elementor-element elementor-element-3138a8b elementor-hidden-tablet elementor-hidden-mobile e-con-full e-flex e-con e-child\" data-id=\"3138a8b\" data-element_type=\"container\">\n\t\t\t\t<\/div>\n\t\t\t\t\t<\/div>\n\t\t\t\t<\/div>\n\t\t\t\t<\/div>","protected":false},"excerpt":{"rendered":"<p>An\u00e1lisis por Fluorescencia de Rayos X Aprender M\u00e1s \u00bfPorqu\u00e9 Fluorescencia de Rayos X? La t\u00e9cnica de Espectrometr\u00eda de Fluorescencia de Rayos X (FRX) es un m\u00e9todo r\u00e1pido y preciso para el an\u00e1lisis qu\u00edmico de ELEMENTOS (An\u00e1lisis Cualitativo, Semicuantitativo y Cuantitativo). Desde el fl\u00faor hasta el uranio, y en concentraciones que pueden ser desde una cuantas [&hellip;]<\/p>","protected":false},"author":1,"featured_media":0,"parent":0,"menu_order":0,"comment_status":"closed","ping_status":"closed","template":"","meta":{"footnotes":""},"class_list":["post-13671","page","type-page","status-publish","hentry"],"aioseo_notices":[],"_links":{"self":[{"href":"https:\/\/difraclab.com.mx\/en\/wp-json\/wp\/v2\/pages\/13671","targetHints":{"allow":["GET"]}}],"collection":[{"href":"https:\/\/difraclab.com.mx\/en\/wp-json\/wp\/v2\/pages"}],"about":[{"href":"https:\/\/difraclab.com.mx\/en\/wp-json\/wp\/v2\/types\/page"}],"author":[{"embeddable":true,"href":"https:\/\/difraclab.com.mx\/en\/wp-json\/wp\/v2\/users\/1"}],"replies":[{"embeddable":true,"href":"https:\/\/difraclab.com.mx\/en\/wp-json\/wp\/v2\/comments?post=13671"}],"version-history":[{"count":4,"href":"https:\/\/difraclab.com.mx\/en\/wp-json\/wp\/v2\/pages\/13671\/revisions"}],"predecessor-version":[{"id":13706,"href":"https:\/\/difraclab.com.mx\/en\/wp-json\/wp\/v2\/pages\/13671\/revisions\/13706"}],"wp:attachment":[{"href":"https:\/\/difraclab.com.mx\/en\/wp-json\/wp\/v2\/media?parent=13671"}],"curies":[{"name":"wp","href":"https:\/\/api.w.org\/{rel}","templated":true}]}}